{"id":90,"date":"2025-05-15T03:25:41","date_gmt":"2025-05-15T03:25:41","guid":{"rendered":"https:\/\/demoapus1.com\/trevana\/?page_id=90"},"modified":"2026-03-11T13:35:48","modified_gmt":"2026-03-11T13:35:48","slug":"kontakt","status":"publish","type":"page","link":"https:\/\/egyptinside.com\/de\/kontakt\/","title":{"rendered":"Kontakt"},"content":{"rendered":"\t\t<div data-elementor-type=\"wp-page\" data-elementor-id=\"90\" class=\"elementor elementor-90\">\n\t\t\t\t<div class=\"elementor-element elementor-element-151d462 e-flex e-con-boxed e-con e-parent\" data-id=\"151d462\" data-element_type=\"container\">\n\t\t\t\t\t<div class=\"e-con-inner\">\n\t\t<div class=\"elementor-element elementor-element-5c8f49d e-con-full e-flex elementor-invisible e-con e-child\" data-id=\"5c8f49d\" data-element_type=\"container\" data-settings=\"{&quot;animation&quot;:&quot;slide-up&quot;}\">\n\t\t\t\t<div class=\"elementor-element elementor-element-4f9fec0 elementor-widget elementor-widget-heading\" data-id=\"4f9fec0\" data-element_type=\"widget\" data-widget_type=\"heading.default\">\n\t\t\t\t\t<h2 class=\"elementor-heading-title elementor-size-default\">Lernen Sie uns kennen<\/h2>\t\t\t\t<\/div>\n\t\t\t\t<div class=\"elementor-element elementor-element-282176c elementor-widget elementor-widget-heading\" data-id=\"282176c\" data-element_type=\"widget\" data-widget_type=\"heading.default\">\n\t\t\t\t\t<h2 class=\"elementor-heading-title elementor-size-default\">Lassen Sie uns sprechen Unsere erfahrenen Reisef\u00fchrer<\/h2>\t\t\t\t<\/div>\n\t\t\t\t<div class=\"elementor-element elementor-element-f6b9595 elementor-widget elementor-widget-text-editor\" data-id=\"f6b9595\" data-element_type=\"widget\" data-widget_type=\"text-editor.default\">\n\t\t\t\t\t\t\t\t\t<p>Unser engagiertes Support-Team steht Ihnen jederzeit bei Fragen oder Problemen zur Verf\u00fcgung und bietet Ihnen schnelle und individuelle L\u00f6sungen, die Ihren Anforderungen entsprechen.<\/p>\t\t\t\t\t\t\t\t<\/div>\n\t\t\t\t<div class=\"elementor-element elementor-element-5bf4244 elementor-widget elementor-widget-heading\" data-id=\"5bf4244\" data-element_type=\"widget\" data-widget_type=\"heading.default\">\n\t\t\t\t\t<h2 class=\"elementor-heading-title elementor-size-default\">\u00dcber 85 erfahrene Teammitglieder<\/h2>\t\t\t\t<\/div>\n\t\t\t\t<div class=\"elementor-element elementor-element-728dc3c elementor-widget elementor-widget-image\" data-id=\"728dc3c\" data-element_type=\"widget\" data-widget_type=\"image.default\">\n\t\t\t\t\t\t\t\t\t\t\t\t\t\t\t<img decoding=\"async\" src=\"https:\/\/demoapus1.com\/trevana\/wp-content\/uploads\/2025\/07\/user-img.jpg\" title=\"\" alt=\"\" loading=\"lazy\" \/>\t\t\t\t\t\t\t\t\t\t\t\t\t\t\t<\/div>\n\t\t<div class=\"elementor-element elementor-element-b99485b e-con-full e-flex e-con e-child\" data-id=\"b99485b\" data-element_type=\"container\">\n\t\t\t\t<div class=\"elementor-element elementor-element-219960d elementor-view-stacked elementor-position-inline-start elementor-widget__width-initial elementor-shape-circle elementor-mobile-position-block-start elementor-widget elementor-widget-icon-box\" data-id=\"219960d\" data-element_type=\"widget\" data-widget_type=\"icon-box.default\">\n\t\t\t\t\t\t\t<div class=\"elementor-icon-box-wrapper\">\n\n\t\t\t\t\t\t<div class=\"elementor-icon-box-icon\">\n\t\t\t\t<span  class=\"elementor-icon\">\n\t\t\t\t<i aria-hidden=\"true\" class=\" flaticon-pin-map\"><\/i>\t\t\t\t<\/span>\n\t\t\t<\/div>\n\t\t\t\n\t\t\t\t\t\t<div class=\"elementor-icon-box-content\">\n\n\t\t\t\t\t\t\t\t\t<h3 class=\"elementor-icon-box-title\">\n\t\t\t\t\t\t<span  >\n\t\t\t\t\t\t\tAdresse\t\t\t\t\t\t<\/span>\n\t\t\t\t\t<\/h3>\n\t\t\t\t\n\t\t\t\t\t\t\t\t\t<p class=\"elementor-icon-box-description\">\n\t\t\t\t\t\t13 Pox, New Karnak, Luxor, \u00c4gypten\t\t\t\t\t<\/p>\n\t\t\t\t\n\t\t\t<\/div>\n\t\t\t\n\t\t<\/div>\n\t\t\t\t\t\t<\/div>\n\t\t\t\t<div class=\"elementor-element elementor-element-6416100 elementor-view-stacked elementor-position-inline-start elementor-widget__width-initial elementor-shape-circle elementor-mobile-position-block-start elementor-widget elementor-widget-icon-box\" data-id=\"6416100\" data-element_type=\"widget\" data-widget_type=\"icon-box.default\">\n\t\t\t\t\t\t\t<div class=\"elementor-icon-box-wrapper\">\n\n\t\t\t\t\t\t<div class=\"elementor-icon-box-icon\">\n\t\t\t\t<a href=\"tel:+201282356570\" class=\"elementor-icon\" tabindex=\"-1\" aria-label=\"Telefonnummer:\">\n\t\t\t\t<i aria-hidden=\"true\" class=\" flaticon-call-1\"><\/i>\t\t\t\t<\/a>\n\t\t\t<\/div>\n\t\t\t\n\t\t\t\t\t\t<div class=\"elementor-icon-box-content\">\n\n\t\t\t\t\t\t\t\t\t<h3 class=\"elementor-icon-box-title\">\n\t\t\t\t\t\t<a href=\"tel:+201282356570\" >\n\t\t\t\t\t\t\tTelefonnummer:\t\t\t\t\t\t<\/a>\n\t\t\t\t\t<\/h3>\n\t\t\t\t\n\t\t\t\t\t\t\t\t\t<p class=\"elementor-icon-box-description\">\n\t\t\t\t\t\t+2012 823 565 70\t\t\t\t\t<\/p>\n\t\t\t\t\n\t\t\t<\/div>\n\t\t\t\n\t\t<\/div>\n\t\t\t\t\t\t<\/div>\n\t\t\t\t<div class=\"elementor-element elementor-element-250021a elementor-view-stacked elementor-position-inline-start elementor-widget__width-initial elementor-shape-circle elementor-mobile-position-block-start elementor-widget elementor-widget-icon-box\" data-id=\"250021a\" data-element_type=\"widget\" data-widget_type=\"icon-box.default\">\n\t\t\t\t\t\t\t<div class=\"elementor-icon-box-wrapper\">\n\n\t\t\t\t\t\t<div class=\"elementor-icon-box-icon\">\n\t\t\t\t<span  class=\"elementor-icon\">\n\t\t\t\t<i aria-hidden=\"true\" class=\" flaticon-email-1\"><\/i>\t\t\t\t<\/span>\n\t\t\t<\/div>\n\t\t\t\n\t\t\t\t\t\t<div class=\"elementor-icon-box-content\">\n\n\t\t\t\t\t\t\t\t\t<h3 class=\"elementor-icon-box-title\">\n\t\t\t\t\t\t<span  >\n\t\t\t\t\t\t\tE-Mail-Adresse:\t\t\t\t\t\t<\/span>\n\t\t\t\t\t<\/h3>\n\t\t\t\t\n\t\t\t\t\t\t\t\t\t<p class=\"elementor-icon-box-description\">\n\t\t\t\t\t\tInfo@egyptinside.com\t\t\t\t\t<\/p>\n\t\t\t\t\n\t\t\t<\/div>\n\t\t\t\n\t\t<\/div>\n\t\t\t\t\t\t<\/div>\n\t\t\t\t<div class=\"elementor-element elementor-element-b3adcbe elementor-view-stacked elementor-position-inline-start elementor-widget__width-initial elementor-shape-circle elementor-mobile-position-block-start elementor-widget elementor-widget-icon-box\" data-id=\"b3adcbe\" data-element_type=\"widget\" data-widget_type=\"icon-box.default\">\n\t\t\t\t\t\t\t<div class=\"elementor-icon-box-wrapper\">\n\n\t\t\t\t\t\t<div class=\"elementor-icon-box-icon\">\n\t\t\t\t<a href=\"https:\/\/wa.me\/+201282356570\" class=\"elementor-icon\" tabindex=\"-1\" aria-label=\"WhatsApp\">\n\t\t\t\t<svg aria-hidden=\"true\" class=\"e-font-icon-svg e-fab-whatsapp\" viewBox=\"0 0 448 512\" xmlns=\"http:\/\/www.w3.org\/2000\/svg\"><path d=\"M380.9 97.1C339 55.1 283.2 32 223.9 32c-122.4 0-222 99.6-222 222 0 39.1 10.2 77.3 29.6 111L0 480l117.7-30.9c32.4 17.7 68.9 27 106.1 27h.1c122.3 0 224.1-99.6 224.1-222 0-59.3-25.2-115-67.1-157zm-157 341.6c-33.2 0-65.7-8.9-94-25.7l-6.7-4-69.8 18.3L72 359.2l-4.4-7c-18.5-29.4-28.2-63.3-28.2-98.2 0-101.7 82.8-184.5 184.6-184.5 49.3 0 95.6 19.2 130.4 54.1 34.8 34.9 56.2 81.2 56.1 130.5 0 101.8-84.9 184.6-186.6 184.6zm101.2-138.2c-5.5-2.8-32.8-16.2-37.9-18-5.1-1.9-8.8-2.8-12.5 2.8-3.7 5.6-14.3 18-17.6 21.8-3.2 3.7-6.5 4.2-12 1.4-32.6-16.3-54-29.1-75.5-66-5.7-9.8 5.7-9.1 16.3-30.3 1.8-3.7.9-6.9-.5-9.7-1.4-2.8-12.5-30.1-17.1-41.2-4.5-10.8-9.1-9.3-12.5-9.5-3.2-.2-6.9-.2-10.6-.2-3.7 0-9.7 1.4-14.8 6.9-5.1 5.6-19.4 19-19.4 46.3 0 27.3 19.9 53.7 22.6 57.4 2.8 3.7 39.1 59.7 94.8 83.8 35.2 15.2 49 16.5 66.6 13.9 10.7-1.6 32.8-13.4 37.4-26.4 4.6-13 4.6-24.1 3.2-26.4-1.3-2.5-5-3.9-10.5-6.6z\"><\/path><\/svg>\t\t\t\t<\/a>\n\t\t\t<\/div>\n\t\t\t\n\t\t\t\t\t\t<div class=\"elementor-icon-box-content\">\n\n\t\t\t\t\t\t\t\t\t<h3 class=\"elementor-icon-box-title\">\n\t\t\t\t\t\t<a href=\"https:\/\/wa.me\/+201282356570\" >\n\t\t\t\t\t\t\tWhatsApp\t\t\t\t\t\t<\/a>\n\t\t\t\t\t<\/h3>\n\t\t\t\t\n\t\t\t\t\t\t\t\t\t<p class=\"elementor-icon-box-description\">\n\t\t\t\t\t\t+2012 823 565 70\t\t\t\t\t<\/p>\n\t\t\t\t\n\t\t\t<\/div>\n\t\t\t\n\t\t<\/div>\n\t\t\t\t\t\t<\/div>\n\t\t\t\t<\/div>\n\t\t\t\t<\/div>\n\t\t<div class=\"elementor-element elementor-element-b05513f e-con-full e-flex elementor-invisible e-con e-child\" data-id=\"b05513f\" data-element_type=\"container\" data-settings=\"{&quot;animation&quot;:&quot;slide-up&quot;}\">\n\t\t\t\t<div class=\"elementor-element elementor-element-8d9fa44 elementor-widget elementor-widget-heading\" data-id=\"8d9fa44\" data-element_type=\"widget\" data-widget_type=\"heading.default\">\n\t\t\t\t\t<h2 class=\"elementor-heading-title elementor-size-default\">Eine Nachricht senden<\/h2>\t\t\t\t<\/div>\n\t\t\t\t<div class=\"elementor-element elementor-element-d492f77 elementor-widget elementor-widget-heading\" data-id=\"d492f77\" data-element_type=\"widget\" data-widget_type=\"heading.default\">\n\t\t\t\t\t<h2 class=\"elementor-heading-title elementor-size-default\">Brauchen Sie Hilfe?<\/h2>\t\t\t\t<\/div>\n\t\t\t\t<div class=\"elementor-element elementor-element-088edb4 elementor-widget elementor-widget-shortcode\" data-id=\"088edb4\" data-element_type=\"widget\" data-widget_type=\"shortcode.default\">\n\t\t\t\t\t\t\t<div class=\"elementor-shortcode\">\n<div class=\"wpcf7 no-js\" id=\"wpcf7-f7245-o1\" lang=\"en-US\" dir=\"ltr\" data-wpcf7-id=\"7245\">\n<div class=\"screen-reader-response\"><p role=\"status\" aria-live=\"polite\" aria-atomic=\"true\"><\/p> <ul><\/ul><\/div>\n<form action=\"\/de\/wp-json\/wp\/v2\/pages\/90#wpcf7-f7245-o1\" method=\"post\" class=\"wpcf7-form init\" aria-label=\"Contact form\" novalidate=\"novalidate\" data-status=\"init\">\n<fieldset class=\"hidden-fields-container\"><input type=\"hidden\" name=\"_wpcf7\" value=\"7245\" \/><input type=\"hidden\" name=\"_wpcf7_version\" value=\"6.1.4\" \/><input type=\"hidden\" name=\"_wpcf7_locale\" value=\"en_US\" \/><input type=\"hidden\" name=\"_wpcf7_unit_tag\" value=\"wpcf7-f7245-o1\" \/><input type=\"hidden\" name=\"_wpcf7_container_post\" value=\"0\" \/><input type=\"hidden\" name=\"_wpcf7_posted_data_hash\" value=\"\" \/>\n<\/fieldset>\n<p><label>Ihr Name<\/label><span class=\"wpcf7-form-control-wrap\" data-name=\"your-name\"><input size=\"40\" maxlength=\"400\" class=\"wpcf7-form-control wpcf7-text wpcf7-validates-as-required form-control\" autocomplete=\"name\" aria-required=\"true\" aria-invalid=\"false\" placeholder=\"Name eingeben\" value=\"\" type=\"text\" name=\"your-name\" \/><\/span><label>Ihre E-Mail-Adresse<\/label><span class=\"wpcf7-form-control-wrap\" data-name=\"your-email\"><input size=\"40\" maxlength=\"400\" class=\"wpcf7-form-control wpcf7-email wpcf7-validates-as-required wpcf7-text wpcf7-validates-as-email form-control\" autocomplete=\"email\" aria-required=\"true\" aria-invalid=\"false\" placeholder=\"example@gmail.com\" value=\"\" type=\"email\" name=\"your-email\" \/><\/span><label>Titel<\/label><span class=\"wpcf7-form-control-wrap\" data-name=\"your-subject\"><input size=\"40\" maxlength=\"400\" class=\"wpcf7-form-control wpcf7-text form-control\" aria-invalid=\"false\" placeholder=\"Titel\" value=\"\" type=\"text\" name=\"your-subject\" \/><\/span><label>Wie<\/label><span class=\"wpcf7-form-control-wrap\" data-name=\"your-message\"><textarea cols=\"40\" rows=\"10\" maxlength=\"2000\" class=\"wpcf7-form-control wpcf7-textarea wpcf7-validates-as-required form-control\" aria-required=\"true\" aria-invalid=\"false\" placeholder=\"Kommentar eingeben\" name=\"your-message\"><\/textarea><\/span><button type=\"submit\" class=\"btn btn-theme btn-inverse w-100\">Einreichen<svg class=\"next\" width=\"12\" height=\"12\" viewBox=\"0 0 12 12\" fill=\"none\" xmlns=\"http:\/\/www.w3.org\/2000\/svg\">\n<path d=\"M10.6725 0.691284H2.57657C2.46054 0.691284 2.34926 0.737378 2.26721 0.819425C2.18516 0.901472 2.13907 1.01275 2.13907 1.12878C2.13907 1.24482 2.18516 1.3561 2.26721 1.43814C2.34926 1.52019 2.46054 1.56628 2.57657 1.56628H9.81457L0.837508 10.5438C0.794113 10.5837 0.759241 10.632 0.734988 10.6858C0.710736 10.7396 0.697605 10.7977 0.696383 10.8566C0.695161 10.9156 0.705875 10.9742 0.727879 11.0289C0.749884 11.0836 0.782726 11.1333 0.82443 11.1751C0.866134 11.2168 0.91584 11.2496 0.970561 11.2716C1.02528 11.2936 1.08389 11.3043 1.14285 11.3031C1.20182 11.3019 1.25993 11.2887 1.31369 11.2645C1.36745 11.2402 1.41575 11.2054 1.4557 11.162L10.4332 2.18447V9.42291C10.4332 9.53894 10.4793 9.65022 10.5613 9.73227C10.6434 9.81431 10.7547 9.86041 10.8707 9.86041C10.9867 9.86041 11.098 9.81431 11.1801 9.73227C11.2621 9.65022 11.3082 9.53894 11.3082 9.42291V1.32741C11.308 1.15885 11.2409 0.997245 11.1218 0.878011C11.0026 0.758777 10.8411 0.691631 10.6725 0.691284Z\" fill=\"currentColor\"><\/path>\n<\/svg><\/button>\n<\/p><div class=\"wpcf7-response-output\" aria-hidden=\"true\"><\/div>\n<\/form>\n<\/div>\n<\/div>\n\t\t\t\t\t\t<\/div>\n\t\t\t\t<\/div>\n\t\t\t\t\t<\/div>\n\t\t\t\t<\/div>\n\t\t<div class=\"elementor-element elementor-element-e5ac190 e-flex e-con-boxed e-con e-parent\" data-id=\"e5ac190\" data-element_type=\"container\">\n\t\t\t\t\t<div class=\"e-con-inner\">\n\t\t\t\t<div class=\"elementor-element elementor-element-47e9f35 elementor-widget elementor-widget-google_maps\" data-id=\"47e9f35\" data-element_type=\"widget\" data-widget_type=\"google_maps.default\">\n\t\t\t\t\t\t\t<div class=\"elementor-custom-embed\">\n\t\t\t<iframe loading=\"lazy\"\n\t\t\t\t\tsrc=\"https:\/\/maps.google.com\/maps?q=Luxor%2C%20Luxor%20Governorate&#038;t=m&#038;z=14&#038;output=embed&#038;iwloc=near\"\n\t\t\t\t\ttitle=\"Luxor, Luxor Governorate\"\n\t\t\t\t\taria-label=\"Luxor, Luxor Governorate\"\n\t\t\t><\/iframe>\n\t\t<\/div>\n\t\t\t\t\t\t<\/div>\n\t\t\t\t\t<\/div>\n\t\t\t\t<\/div>\n\t\t\t\t<\/div>\n\t\t","protected":false},"excerpt":{"rendered":"<p>Lernen Sie uns kennen Lassen Sie uns sprechen Unsere erfahrenen Reisef\u00fchrer Unser engagiertes Support-Team steht Ihnen jederzeit bei Fragen oder Problemen zur Verf\u00fcgung und bietet Ihnen schnelle und individuelle L\u00f6sungen, die Ihren Anforderungen entsprechen. \u00dcber 85 erfahrene Teammitglieder Adresse 13 Pox, New Karnak, Luxor, \u00c4gypten Telefonnummer: +2012 823 565 70 E-Mail-Adresse: Info@egyptinside.com WhatsApp +2012 823 [&hellip;]<\/p>\n","protected":false},"author":1,"featured_media":0,"parent":0,"menu_order":0,"comment_status":"closed","ping_status":"closed","template":"","meta":{"inline_featured_image":false,"_monsterinsights_skip_tracking":false,"_monsterinsights_sitenote_active":false,"_monsterinsights_sitenote_note":"","_monsterinsights_sitenote_category":0,"footnotes":""},"class_list":["post-90","page","type-page","status-publish","hentry"],"yoast_head":"<!-- This site is optimized with the Yoast SEO Premium plugin v22.1 (Yoast SEO v26.7) - https:\/\/yoast.com\/wordpress\/plugins\/seo\/ -->\n<title>Kontakt - Egypt Inside<\/title>\n<meta name=\"robots\" content=\"index, follow, max-snippet:-1, max-image-preview:large, max-video-preview:-1\" \/>\n<link rel=\"canonical\" href=\"https:\/\/egyptinside.com\/de\/kontakt\/\" \/>\n<meta property=\"og:locale\" content=\"en_US\" \/>\n<meta property=\"og:type\" content=\"article\" \/>\n<meta property=\"og:title\" content=\"Kontakt\" \/>\n<meta property=\"og:description\" content=\"Lernen Sie uns kennen Lassen Sie uns sprechen Unsere erfahrenen Reisef\u00fchrer Unser engagiertes Support-Team steht Ihnen jederzeit bei Fragen oder Problemen zur Verf\u00fcgung und bietet Ihnen schnelle und individuelle L\u00f6sungen, die Ihren Anforderungen entsprechen. \u00dcber 85 erfahrene Teammitglieder Adresse 13 Pox, New Karnak, Luxor, \u00c4gypten Telefonnummer: +2012 823 565 70 E-Mail-Adresse: Info@egyptinside.com WhatsApp +2012 823 [&hellip;]\" \/>\n<meta property=\"og:url\" content=\"https:\/\/egyptinside.com\/de\/kontakt\/\" \/>\n<meta property=\"og:site_name\" content=\"Egypt Inside\" \/>\n<meta property=\"article:modified_time\" content=\"2026-03-11T13:35:48+00:00\" \/>\n<meta property=\"og:image\" content=\"https:\/\/demoapus1.com\/trevana\/wp-content\/uploads\/2025\/07\/user-img.jpg\" \/>\n<meta name=\"twitter:card\" content=\"summary_large_image\" \/>\n<meta name=\"twitter:label1\" content=\"Est. reading time\" \/>\n\t<meta name=\"twitter:data1\" content=\"1 minute\" \/>\n<script type=\"application\/ld+json\" class=\"yoast-schema-graph\">{\"@context\":\"https:\/\/schema.org\",\"@graph\":[{\"@type\":\"WebPage\",\"@id\":\"https:\/\/egyptinside.com\/de\/kontakt\/\",\"url\":\"https:\/\/egyptinside.com\/de\/kontakt\/\",\"name\":\"Kontakt - Egypt Inside\",\"isPartOf\":{\"@id\":\"https:\/\/egyptinside.com\/de\/#website\"},\"primaryImageOfPage\":{\"@id\":\"https:\/\/egyptinside.com\/de\/kontakt\/#primaryimage\"},\"image\":{\"@id\":\"https:\/\/egyptinside.com\/de\/kontakt\/#primaryimage\"},\"thumbnailUrl\":\"https:\/\/demoapus1.com\/trevana\/wp-content\/uploads\/2025\/07\/user-img.jpg\",\"datePublished\":\"2025-05-15T03:25:41+00:00\",\"dateModified\":\"2026-03-11T13:35:48+00:00\",\"breadcrumb\":{\"@id\":\"https:\/\/egyptinside.com\/de\/kontakt\/#breadcrumb\"},\"inLanguage\":\"en-US\",\"potentialAction\":[{\"@type\":\"ReadAction\",\"target\":[\"https:\/\/egyptinside.com\/de\/kontakt\/\"]}]},{\"@type\":\"ImageObject\",\"inLanguage\":\"en-US\",\"@id\":\"https:\/\/egyptinside.com\/de\/kontakt\/#primaryimage\",\"url\":\"https:\/\/demoapus1.com\/trevana\/wp-content\/uploads\/2025\/07\/user-img.jpg\",\"contentUrl\":\"https:\/\/demoapus1.com\/trevana\/wp-content\/uploads\/2025\/07\/user-img.jpg\"},{\"@type\":\"BreadcrumbList\",\"@id\":\"https:\/\/egyptinside.com\/de\/kontakt\/#breadcrumb\",\"itemListElement\":[{\"@type\":\"ListItem\",\"position\":1,\"name\":\"Home\",\"item\":\"https:\/\/egyptinside.com\/de\/\"},{\"@type\":\"ListItem\",\"position\":2,\"name\":\"Kontakt\"}]},{\"@type\":\"WebSite\",\"@id\":\"https:\/\/egyptinside.com\/de\/#website\",\"url\":\"https:\/\/egyptinside.com\/de\/\",\"name\":\"Egypt Inside\",\"description\":\"Egypt Tours\",\"potentialAction\":[{\"@type\":\"SearchAction\",\"target\":{\"@type\":\"EntryPoint\",\"urlTemplate\":\"https:\/\/egyptinside.com\/de\/?s={search_term_string}\"},\"query-input\":{\"@type\":\"PropertyValueSpecification\",\"valueRequired\":true,\"valueName\":\"search_term_string\"}}],\"inLanguage\":\"en-US\"}]}<\/script>\n<!-- \/ Yoast SEO Premium plugin. -->","yoast_head_json":{"title":"Kontakt - Egypt Inside","robots":{"index":"index","follow":"follow","max-snippet":"max-snippet:-1","max-image-preview":"max-image-preview:large","max-video-preview":"max-video-preview:-1"},"canonical":"https:\/\/egyptinside.com\/de\/kontakt\/","og_locale":"en_US","og_type":"article","og_title":"Kontakt","og_description":"Lernen Sie uns kennen Lassen Sie uns sprechen Unsere erfahrenen Reisef\u00fchrer Unser engagiertes Support-Team steht Ihnen jederzeit bei Fragen oder Problemen zur Verf\u00fcgung und bietet Ihnen schnelle und individuelle L\u00f6sungen, die Ihren Anforderungen entsprechen. \u00dcber 85 erfahrene Teammitglieder Adresse 13 Pox, New Karnak, Luxor, \u00c4gypten Telefonnummer: +2012 823 565 70 E-Mail-Adresse: Info@egyptinside.com WhatsApp +2012 823 [&hellip;]","og_url":"https:\/\/egyptinside.com\/de\/kontakt\/","og_site_name":"Egypt Inside","article_modified_time":"2026-03-11T13:35:48+00:00","og_image":[{"url":"https:\/\/demoapus1.com\/trevana\/wp-content\/uploads\/2025\/07\/user-img.jpg","type":"","width":"","height":""}],"twitter_card":"summary_large_image","twitter_misc":{"Est. reading time":"1 minute"},"schema":{"@context":"https:\/\/schema.org","@graph":[{"@type":"WebPage","@id":"https:\/\/egyptinside.com\/de\/kontakt\/","url":"https:\/\/egyptinside.com\/de\/kontakt\/","name":"Kontakt - Egypt Inside","isPartOf":{"@id":"https:\/\/egyptinside.com\/de\/#website"},"primaryImageOfPage":{"@id":"https:\/\/egyptinside.com\/de\/kontakt\/#primaryimage"},"image":{"@id":"https:\/\/egyptinside.com\/de\/kontakt\/#primaryimage"},"thumbnailUrl":"https:\/\/demoapus1.com\/trevana\/wp-content\/uploads\/2025\/07\/user-img.jpg","datePublished":"2025-05-15T03:25:41+00:00","dateModified":"2026-03-11T13:35:48+00:00","breadcrumb":{"@id":"https:\/\/egyptinside.com\/de\/kontakt\/#breadcrumb"},"inLanguage":"en-US","potentialAction":[{"@type":"ReadAction","target":["https:\/\/egyptinside.com\/de\/kontakt\/"]}]},{"@type":"ImageObject","inLanguage":"en-US","@id":"https:\/\/egyptinside.com\/de\/kontakt\/#primaryimage","url":"https:\/\/demoapus1.com\/trevana\/wp-content\/uploads\/2025\/07\/user-img.jpg","contentUrl":"https:\/\/demoapus1.com\/trevana\/wp-content\/uploads\/2025\/07\/user-img.jpg"},{"@type":"BreadcrumbList","@id":"https:\/\/egyptinside.com\/de\/kontakt\/#breadcrumb","itemListElement":[{"@type":"ListItem","position":1,"name":"Home","item":"https:\/\/egyptinside.com\/de\/"},{"@type":"ListItem","position":2,"name":"Kontakt"}]},{"@type":"WebSite","@id":"https:\/\/egyptinside.com\/de\/#website","url":"https:\/\/egyptinside.com\/de\/","name":"Egypt Inside","description":"Egypt Tours","potentialAction":[{"@type":"SearchAction","target":{"@type":"EntryPoint","urlTemplate":"https:\/\/egyptinside.com\/de\/?s={search_term_string}"},"query-input":{"@type":"PropertyValueSpecification","valueRequired":true,"valueName":"search_term_string"}}],"inLanguage":"en-US"}]}},"_links":{"self":[{"href":"https:\/\/egyptinside.com\/de\/wp-json\/wp\/v2\/pages\/90","targetHints":{"allow":["GET"]}}],"collection":[{"href":"https:\/\/egyptinside.com\/de\/wp-json\/wp\/v2\/pages"}],"about":[{"href":"https:\/\/egyptinside.com\/de\/wp-json\/wp\/v2\/types\/page"}],"author":[{"embeddable":true,"href":"https:\/\/egyptinside.com\/de\/wp-json\/wp\/v2\/users\/1"}],"replies":[{"embeddable":true,"href":"https:\/\/egyptinside.com\/de\/wp-json\/wp\/v2\/comments?post=90"}],"version-history":[{"count":9,"href":"https:\/\/egyptinside.com\/de\/wp-json\/wp\/v2\/pages\/90\/revisions"}],"predecessor-version":[{"id":22125,"href":"https:\/\/egyptinside.com\/de\/wp-json\/wp\/v2\/pages\/90\/revisions\/22125"}],"wp:attachment":[{"href":"https:\/\/egyptinside.com\/de\/wp-json\/wp\/v2\/media?parent=90"}],"curies":[{"name":"wp","href":"https:\/\/api.w.org\/{rel}","templated":true}]}}