{"id":88,"date":"2025-05-15T03:25:31","date_gmt":"2025-05-15T03:25:31","guid":{"rendered":"https:\/\/demoapus1.com\/trevana\/?page_id=88"},"modified":"2026-03-11T13:53:17","modified_gmt":"2026-03-11T13:53:17","slug":"about","status":"publish","type":"page","link":"https:\/\/egyptinside.com\/de\/about\/","title":{"rendered":"About"},"content":{"rendered":"\t\t<div data-elementor-type=\"wp-page\" data-elementor-id=\"88\" class=\"elementor elementor-88\">\n\t\t\t\t<div class=\"elementor-element elementor-element-3397260 e-flex e-con-boxed e-con e-parent\" data-id=\"3397260\" data-element_type=\"container\">\n\t\t\t\t\t<div class=\"e-con-inner\">\n\t\t<div class=\"elementor-element elementor-element-5563e4c e-con-full e-flex elementor-invisible e-con e-child\" data-id=\"5563e4c\" data-element_type=\"container\" data-settings=\"{&quot;animation&quot;:&quot;slide-up&quot;,&quot;animation_delay&quot;:200}\">\n\t\t\t\t<div class=\"elementor-element elementor-element-a3e7a18 elementor-widget elementor-widget-heading\" data-id=\"a3e7a18\" data-element_type=\"widget\" data-widget_type=\"heading.default\">\n\t\t\t\t\t<h2 class=\"elementor-heading-title elementor-size-default\">Bieten Sie Ihnen das beste Reiseerlebnis<\/h2>\t\t\t\t<\/div>\n\t\t\t\t<div class=\"elementor-element elementor-element-1f0523d elementor-widget__width-initial elementor-widget elementor-widget-text-editor\" data-id=\"1f0523d\" data-element_type=\"widget\" data-widget_type=\"text-editor.default\">\n\t\t\t\t\t\t\t\t\t<p>Wir wissen, dass jede Reise einzigartige Bed\u00fcrfnisse mit sich bringt. Deshalb bieten wir ma\u00dfgeschneiderte Reisepakete an, die ganz nach Ihren Vorlieben und Ihrem Budget zusammengestellt werden.<\/p>\t\t\t\t\t\t\t\t<\/div>\n\t\t\t\t<\/div>\n\t\t\t\t\t<\/div>\n\t\t\t\t<\/div>\n\t\t<div class=\"elementor-element elementor-element-c9015f3 e-flex e-con-boxed e-con e-parent\" data-id=\"c9015f3\" data-element_type=\"container\">\n\t\t\t\t\t<div class=\"e-con-inner\">\n\t\t<div class=\"elementor-element elementor-element-97318a8 e-con-full e-flex e-con e-child\" data-id=\"97318a8\" data-element_type=\"container\">\n\t\t\t\t<div class=\"elementor-element elementor-element-f47c835 elementor-invisible elementor-widget elementor-widget-image\" data-id=\"f47c835\" data-element_type=\"widget\" data-settings=\"{&quot;_animation&quot;:&quot;slide-right&quot;,&quot;_animation_delay&quot;:400}\" data-widget_type=\"image.default\">\n\t\t\t\t\t\t\t\t\t\t\t\t\t\t\t<img fetchpriority=\"high\" decoding=\"async\" width=\"512\" height=\"512\" src=\"https:\/\/egyptinside.com\/de\/wp-content\/uploads\/2026\/02\/Kairo-rundreise-10.webp\" class=\"attachment-full size-full wp-image-22088\" alt=\"Kairo rundreise (10)\" srcset=\"https:\/\/egyptinside.com\/de\/wp-content\/uploads\/2026\/02\/Kairo-rundreise-10.webp 512w, https:\/\/egyptinside.com\/de\/wp-content\/uploads\/2026\/02\/Kairo-rundreise-10-300x300.webp 300w, https:\/\/egyptinside.com\/de\/wp-content\/uploads\/2026\/02\/Kairo-rundreise-10-150x150.webp 150w, https:\/\/egyptinside.com\/de\/wp-content\/uploads\/2026\/02\/Kairo-rundreise-10-500x500.webp 500w\" sizes=\"(max-width: 512px) 100vw, 512px\" \/>\t\t\t\t\t\t\t\t\t\t\t\t\t\t\t<\/div>\n\t\t\t\t<\/div>\n\t\t<div class=\"elementor-element elementor-element-a825579 e-con-full e-flex e-con e-child\" data-id=\"a825579\" data-element_type=\"container\">\n\t\t\t\t<div class=\"elementor-element elementor-element-d7fc771 elementor-invisible elementor-widget elementor-widget-heading\" data-id=\"d7fc771\" data-element_type=\"widget\" data-settings=\"{&quot;_animation&quot;:&quot;slide-left&quot;,&quot;_animation_delay&quot;:400}\" data-widget_type=\"heading.default\">\n\t\t\t\t\t<h2 class=\"elementor-heading-title elementor-size-default\">Warum Sie sich f\u00fcr uns entscheiden sollten<\/h2>\t\t\t\t<\/div>\n\t\t\t\t<div class=\"elementor-element elementor-element-bcb4658 elementor-invisible elementor-widget elementor-widget-heading\" data-id=\"bcb4658\" data-element_type=\"widget\" data-settings=\"{&quot;_animation&quot;:&quot;slide-left&quot;,&quot;_animation_delay&quot;:500}\" data-widget_type=\"heading.default\">\n\t\t\t\t\t<h2 class=\"elementor-heading-title elementor-size-default\">Ihr Tor zu unvergesslichen Erlebnissen und Erinnerungen<\/h2>\t\t\t\t<\/div>\n\t\t\t\t<div class=\"elementor-element elementor-element-6d7e1a0 elementor-invisible elementor-widget elementor-widget-text-editor\" data-id=\"6d7e1a0\" data-element_type=\"widget\" data-settings=\"{&quot;_animation&quot;:&quot;slide-left&quot;,&quot;_animation_delay&quot;:600}\" data-widget_type=\"text-editor.default\">\n\t\t\t\t\t\t\t\t\t<p>Ihr ultimatives Tor zur Erkundung der Wunder \u00c4gyptens mit authentischen Einblicken vor Ort. Bei Egypt Inside organisieren wir nicht nur Reisen, sondern gestalten personalisierte Erlebnisse, die Sie mit dem Herzen \u00c4gyptens verbinden \u2013 von der Majest\u00e4t der Pyramiden und der Ruhe des Nils bis hin zu versteckten Sch\u00e4tzen, die nur Einheimischen bekannt sind.<\/p>\t\t\t\t\t\t\t\t<\/div>\n\t\t\t\t<div class=\"elementor-element elementor-element-9709b39 elementor-invisible elementor-widget elementor-widget-text-editor\" data-id=\"9709b39\" data-element_type=\"widget\" data-settings=\"{&quot;_animation&quot;:&quot;slide-left&quot;,&quot;_animation_delay&quot;:650}\" data-widget_type=\"text-editor.default\">\n\t\t\t\t\t\t\t\t\t<ul class=\"list-taxonomy st_full\">\n \t<li><i class=\"flaticon-badge-1\"><\/i>Adventure awaits around every corner<\/li>\n \t<li><i class=\"flaticon-badge-1\"><\/i>Roam free, wander often<\/li>\n \t<li><i class=\"flaticon-badge-1\"><\/i>Create memories that last a lifetime<\/li>\n<\/ul>\t\t\t\t\t\t\t\t<\/div>\n\t\t\t\t<div class=\"elementor-element elementor-element-353ba0c elementor-invisible elementor-widget elementor-widget-button\" data-id=\"353ba0c\" data-element_type=\"widget\" data-settings=\"{&quot;_animation&quot;:&quot;slide-left&quot;,&quot;_animation_delay&quot;:850}\" data-widget_type=\"button.default\">\n\t\t\t\t\t\t\t\t\t\t<a class=\"elementor-button elementor-button-link elementor-size-sm\" href=\"https:\/\/egyptinside.com\/de\/\">\n\t\t\t\t\t\t<span class=\"elementor-button-content-wrapper\">\n\t\t\t\t\t\t<span class=\"elementor-button-icon\">\n\t\t\t\t\t\t\t<\/span>\n\t\t\t\t\t\t\t\t\t<span class=\"elementor-button-text\">Jetzt entdecken<\/span>\n\t\t\t\t\t<\/span>\n\t\t\t\t\t<\/a>\n\t\t\t\t\t\t\t\t<\/div>\n\t\t\t\t<\/div>\n\t\t\t\t\t<\/div>\n\t\t\t\t<\/div>\n\t\t<div class=\"elementor-element elementor-element-5845ad8 e-flex e-con-boxed e-con e-parent\" data-id=\"5845ad8\" data-element_type=\"container\">\n\t\t\t\t\t<div class=\"e-con-inner\">\n\t\t<div class=\"elementor-element elementor-element-9270822 e-con-full e-flex elementor-invisible e-con e-child\" data-id=\"9270822\" data-element_type=\"container\" data-settings=\"{&quot;animation&quot;:&quot;slide-up&quot;}\">\n\t\t\t\t<div class=\"elementor-element elementor-element-ab92d8c elementor-widget elementor-widget-heading\" data-id=\"ab92d8c\" data-element_type=\"widget\" data-widget_type=\"heading.default\">\n\t\t\t\t\t<h2 class=\"elementor-heading-title elementor-size-default\">Warum bei Egypt Inside?<\/h2>\t\t\t\t<\/div>\n\t\t\t\t<\/div>\n\t\t\t\t\t<\/div>\n\t\t\t\t<\/div>\n\t\t<div class=\"elementor-element elementor-element-248a701 e-flex e-con-boxed e-con e-parent\" data-id=\"248a701\" data-element_type=\"container\">\n\t\t\t\t\t<div class=\"e-con-inner\">\n\t\t<div class=\"elementor-element elementor-element-591831f e-con-full e-flex elementor-invisible e-con e-child\" data-id=\"591831f\" data-element_type=\"container\" data-settings=\"{&quot;animation&quot;:&quot;slide-up&quot;}\">\n\t\t\t\t<div class=\"elementor-element elementor-element-faddd90 elementor-widget elementor-widget-apus_element_features_box\" data-id=\"faddd90\" data-element_type=\"widget\" data-settings=\"{&quot;columns_mobile&quot;:&quot;2&quot;,&quot;columns&quot;:4}\" data-widget_type=\"apus_element_features_box.default\">\n\t\t\t\t<div class=\"elementor-widget-container\">\n\t\t\t\t\t            <div class=\"widget-features-box  style1\">\n                  \n                    <div class=\"row\">\n                                                    <div class=\"col-xxl-3 col-xl-3 col-lg-3 col-md-3 col-sm-3 col-6\">\n                                <div class=\"item-features-inner l-grid style1\">\n                                     <div class=\"top-inner\">\n                                                                                <div class=\"features-box-image img\"><img decoding=\"async\" src=\"https:\/\/demoapus1.com\/trevana\/wp-content\/uploads\/2025\/06\/f1.png\" title=\"\" alt=\"\" loading=\"lazy\" \/><\/div><\/div><div class=\"features-box-content\"><h3 class=\"title\">24\/7 customer support<\/h3><div class=\"description\">Unabh\u00e4ngig von der Zeitzone sind wir f\u00fcr Sie da.<\/div><\/div>\n                                <\/div>\n                            <\/div>\n                                                    <div class=\"col-xxl-3 col-xl-3 col-lg-3 col-md-3 col-sm-3 col-6\">\n                                <div class=\"item-features-inner l-grid style1\">\n                                     <div class=\"top-inner\">\n                                                                                <div class=\"features-box-image img\"><img decoding=\"async\" src=\"https:\/\/demoapus1.com\/trevana\/wp-content\/uploads\/2025\/06\/f2.png\" title=\"\" alt=\"\" loading=\"lazy\" \/><\/div><\/div><div class=\"features-box-content\"><h3 class=\"title\">Earn rewards<\/h3><div class=\"description\">Entdecken, sammeln, einl\u00f6sen und wiederholen Sie mit unserem Treueprogramm.<\/div><\/div>\n                                <\/div>\n                            <\/div>\n                                                    <div class=\"col-xxl-3 col-xl-3 col-lg-3 col-md-3 col-sm-3 col-6\">\n                                <div class=\"item-features-inner l-grid style1\">\n                                     <div class=\"top-inner\">\n                                                                                <div class=\"features-box-image img\"><img decoding=\"async\" src=\"https:\/\/demoapus1.com\/trevana\/wp-content\/uploads\/2025\/06\/f3.png\" title=\"\" alt=\"\" loading=\"lazy\" \/><\/div><\/div><div class=\"features-box-content\"><h3 class=\"title\">Millions of reviews<\/h3><div class=\"description\">Planen und buchen Sie mit Zuversicht anhand der Bewertungen anderer Reisender.<\/div><\/div>\n                                <\/div>\n                            <\/div>\n                                                    <div class=\"col-xxl-3 col-xl-3 col-lg-3 col-md-3 col-sm-3 col-6\">\n                                <div class=\"item-features-inner l-grid style1\">\n                                     <div class=\"top-inner\">\n                                                                                <div class=\"features-box-image img\"><img decoding=\"async\" src=\"https:\/\/demoapus1.com\/trevana\/wp-content\/uploads\/2025\/06\/f4.png\" title=\"\" alt=\"\" loading=\"lazy\" \/><\/div><\/div><div class=\"features-box-content\"><h3 class=\"title\">Plan your way<\/h3><div class=\"description\">Flexible Stornierung und sp\u00e4tere Zahlung ohne zus\u00e4tzliche Kosten.<\/div><\/div>\n                                <\/div>\n                            <\/div>\n                                            <\/div>\n                            <\/div>\n            \t\t\t\t<\/div>\n\t\t\t\t<\/div>\n\t\t\t\t<\/div>\n\t\t\t\t\t<\/div>\n\t\t\t\t<\/div>\n\t\t<div class=\"elementor-element elementor-element-9a4a9c0 e-flex e-con-boxed e-con e-parent\" data-id=\"9a4a9c0\" data-element_type=\"container\">\n\t\t\t\t\t<div class=\"e-con-inner\">\n\t\t<div class=\"elementor-element elementor-element-52f3fb5 e-con-full e-flex elementor-invisible e-con e-child\" data-id=\"52f3fb5\" data-element_type=\"container\" data-settings=\"{&quot;animation&quot;:&quot;slide-up&quot;}\">\n\t\t\t\t<div class=\"elementor-element elementor-element-ccf6bc0 elementor-widget elementor-widget-heading\" data-id=\"ccf6bc0\" data-element_type=\"widget\" data-widget_type=\"heading.default\">\n\t\t\t\t\t<h2 class=\"elementor-heading-title elementor-size-default\">Wir sind hier, um Sie an Orte zu bringen, die Sie lieben werden.<\/h2>\t\t\t\t<\/div>\n\t\t\t\t<\/div>\n\t\t\t\t\t<\/div>\n\t\t\t\t<\/div>\n\t\t<div class=\"elementor-element elementor-element-84f4de8 e-flex e-con-boxed e-con e-parent\" data-id=\"84f4de8\" data-element_type=\"container\">\n\t\t\t\t\t<div class=\"e-con-inner\">\n\t\t<div class=\"elementor-element elementor-element-6047edd e-con-full e-flex elementor-invisible e-con e-child\" data-id=\"6047edd\" data-element_type=\"container\" data-settings=\"{&quot;animation&quot;:&quot;slide-up&quot;}\">\n\t\t\t\t<div class=\"elementor-element elementor-element-54094f6 elementor-widget elementor-widget-counter\" data-id=\"54094f6\" data-element_type=\"widget\" data-widget_type=\"counter.default\">\n\t\t\t\t\t\t\t<div class=\"elementor-counter\">\n\t\t\t<div class=\"elementor-counter-title\">Gl\u00fcckliche Reisende<\/div>\t\t\t<div class=\"elementor-counter-number-wrapper\">\n\t\t\t\t<span class=\"elementor-counter-number-prefix\"><\/span>\n\t\t\t\t<span class=\"elementor-counter-number\" data-duration=\"2000\" data-to-value=\"168\" data-from-value=\"0\" data-delimiter=\",\">0<\/span>\n\t\t\t\t<span class=\"elementor-counter-number-suffix\">K+<\/span>\n\t\t\t<\/div>\n\t\t<\/div>\n\t\t\t\t\t\t<\/div>\n\t\t\t\t<\/div>\n\t\t<div class=\"elementor-element elementor-element-e53ccba e-con-full e-flex elementor-invisible e-con e-child\" data-id=\"e53ccba\" data-element_type=\"container\" data-settings=\"{&quot;animation&quot;:&quot;slide-up&quot;}\">\n\t\t\t\t<div class=\"elementor-element elementor-element-977e604 elementor-widget elementor-widget-counter\" data-id=\"977e604\" data-element_type=\"widget\" data-widget_type=\"counter.default\">\n\t\t\t\t\t\t\t<div class=\"elementor-counter\">\n\t\t\t<div class=\"elementor-counter-title\">Zufriedenheitsrate<\/div>\t\t\t<div class=\"elementor-counter-number-wrapper\">\n\t\t\t\t<span class=\"elementor-counter-number-prefix\"><\/span>\n\t\t\t\t<span class=\"elementor-counter-number\" data-duration=\"2000\" data-to-value=\"99\" data-from-value=\"0\" data-delimiter=\",\">0<\/span>\n\t\t\t\t<span class=\"elementor-counter-number-suffix\">%<\/span>\n\t\t\t<\/div>\n\t\t<\/div>\n\t\t\t\t\t\t<\/div>\n\t\t\t\t<\/div>\n\t\t<div class=\"elementor-element elementor-element-df95ab5 e-con-full e-flex elementor-invisible e-con e-child\" data-id=\"df95ab5\" data-element_type=\"container\" data-settings=\"{&quot;animation&quot;:&quot;slide-up&quot;}\">\n\t\t\t\t<div class=\"elementor-element elementor-element-3c4b4ae elementor-widget elementor-widget-counter\" data-id=\"3c4b4ae\" data-element_type=\"widget\" data-widget_type=\"counter.default\">\n\t\t\t\t\t\t\t<div class=\"elementor-counter\">\n\t\t\t<div class=\"elementor-counter-title\">Langj\u00e4hrige Erfahrung<\/div>\t\t\t<div class=\"elementor-counter-number-wrapper\">\n\t\t\t\t<span class=\"elementor-counter-number-prefix\"><\/span>\n\t\t\t\t<span class=\"elementor-counter-number\" data-duration=\"2000\" data-to-value=\"20\" data-from-value=\"0\" data-delimiter=\",\">0<\/span>\n\t\t\t\t<span class=\"elementor-counter-number-suffix\">+<\/span>\n\t\t\t<\/div>\n\t\t<\/div>\n\t\t\t\t\t\t<\/div>\n\t\t\t\t<\/div>\n\t\t<div class=\"elementor-element elementor-element-3438f1a e-con-full e-flex elementor-invisible e-con e-child\" data-id=\"3438f1a\" data-element_type=\"container\" data-settings=\"{&quot;animation&quot;:&quot;slide-up&quot;}\">\n\t\t\t\t<div class=\"elementor-element elementor-element-c0a9399 elementor-widget elementor-widget-counter\" data-id=\"c0a9399\" data-element_type=\"widget\" data-widget_type=\"counter.default\">\n\t\t\t\t\t\t\t<div class=\"elementor-counter\">\n\t\t\t<div class=\"elementor-counter-title\">Reiseziele<\/div>\t\t\t<div class=\"elementor-counter-number-wrapper\">\n\t\t\t\t<span class=\"elementor-counter-number-prefix\"><\/span>\n\t\t\t\t<span class=\"elementor-counter-number\" data-duration=\"2000\" data-to-value=\"15\" data-from-value=\"0\" data-delimiter=\",\">0<\/span>\n\t\t\t\t<span class=\"elementor-counter-number-suffix\">K+<\/span>\n\t\t\t<\/div>\n\t\t<\/div>\n\t\t\t\t\t\t<\/div>\n\t\t\t\t<\/div>\n\t\t\t\t\t<\/div>\n\t\t\t\t<\/div>\n\t\t\t\t<\/div>\n\t\t","protected":false},"excerpt":{"rendered":"<p>Bieten Sie Ihnen das beste Reiseerlebnis Wir wissen, dass jede Reise einzigartige Bed\u00fcrfnisse mit sich bringt. Deshalb bieten wir ma\u00dfgeschneiderte Reisepakete an, die ganz nach Ihren Vorlieben und Ihrem Budget zusammengestellt werden. Warum Sie sich f\u00fcr uns entscheiden sollten Ihr Tor zu unvergesslichen Erlebnissen und Erinnerungen Ihr ultimatives Tor zur Erkundung der Wunder \u00c4gyptens mit [&hellip;]<\/p>\n","protected":false},"author":1,"featured_media":0,"parent":0,"menu_order":0,"comment_status":"closed","ping_status":"closed","template":"","meta":{"inline_featured_image":false,"_monsterinsights_skip_tracking":false,"_monsterinsights_sitenote_active":false,"_monsterinsights_sitenote_note":"","_monsterinsights_sitenote_category":0,"footnotes":""},"class_list":["post-88","page","type-page","status-publish","hentry"],"yoast_head":"<!-- This site is optimized with the Yoast SEO Premium plugin v22.1 (Yoast SEO v26.7) - https:\/\/yoast.com\/wordpress\/plugins\/seo\/ -->\n<title>About - Egypt Inside<\/title>\n<meta name=\"robots\" content=\"index, follow, max-snippet:-1, max-image-preview:large, max-video-preview:-1\" \/>\n<link rel=\"canonical\" href=\"https:\/\/egyptinside.com\/de\/about\/\" \/>\n<meta property=\"og:locale\" content=\"en_US\" \/>\n<meta property=\"og:type\" content=\"article\" \/>\n<meta property=\"og:title\" content=\"About\" \/>\n<meta property=\"og:description\" content=\"Bieten Sie Ihnen das beste Reiseerlebnis Wir wissen, dass jede Reise einzigartige Bed\u00fcrfnisse mit sich bringt. Deshalb bieten wir ma\u00dfgeschneiderte Reisepakete an, die ganz nach Ihren Vorlieben und Ihrem Budget zusammengestellt werden. Warum Sie sich f\u00fcr uns entscheiden sollten Ihr Tor zu unvergesslichen Erlebnissen und Erinnerungen Ihr ultimatives Tor zur Erkundung der Wunder \u00c4gyptens mit [&hellip;]\" \/>\n<meta property=\"og:url\" content=\"https:\/\/egyptinside.com\/de\/about\/\" \/>\n<meta property=\"og:site_name\" content=\"Egypt Inside\" \/>\n<meta property=\"article:modified_time\" content=\"2026-03-11T13:53:17+00:00\" \/>\n<meta property=\"og:image\" content=\"https:\/\/egyptinside.com\/de\/wp-content\/uploads\/2026\/02\/Kairo-rundreise-10.webp\" \/>\n\t<meta property=\"og:image:width\" content=\"512\" \/>\n\t<meta property=\"og:image:height\" content=\"512\" \/>\n\t<meta property=\"og:image:type\" content=\"image\/webp\" \/>\n<meta name=\"twitter:card\" content=\"summary_large_image\" \/>\n<meta name=\"twitter:label1\" content=\"Est. reading time\" \/>\n\t<meta name=\"twitter:data1\" content=\"2 minutes\" \/>\n<script type=\"application\/ld+json\" class=\"yoast-schema-graph\">{\"@context\":\"https:\/\/schema.org\",\"@graph\":[{\"@type\":\"WebPage\",\"@id\":\"https:\/\/egyptinside.com\/de\/about\/\",\"url\":\"https:\/\/egyptinside.com\/de\/about\/\",\"name\":\"About - Egypt Inside\",\"isPartOf\":{\"@id\":\"https:\/\/egyptinside.com\/de\/#website\"},\"primaryImageOfPage\":{\"@id\":\"https:\/\/egyptinside.com\/de\/about\/#primaryimage\"},\"image\":{\"@id\":\"https:\/\/egyptinside.com\/de\/about\/#primaryimage\"},\"thumbnailUrl\":\"https:\/\/egyptinside.com\/de\/wp-content\/uploads\/2026\/02\/Kairo-rundreise-10.webp\",\"datePublished\":\"2025-05-15T03:25:31+00:00\",\"dateModified\":\"2026-03-11T13:53:17+00:00\",\"breadcrumb\":{\"@id\":\"https:\/\/egyptinside.com\/de\/about\/#breadcrumb\"},\"inLanguage\":\"en-US\",\"potentialAction\":[{\"@type\":\"ReadAction\",\"target\":[\"https:\/\/egyptinside.com\/de\/about\/\"]}]},{\"@type\":\"ImageObject\",\"inLanguage\":\"en-US\",\"@id\":\"https:\/\/egyptinside.com\/de\/about\/#primaryimage\",\"url\":\"https:\/\/egyptinside.com\/de\/wp-content\/uploads\/2026\/02\/Kairo-rundreise-10.webp\",\"contentUrl\":\"https:\/\/egyptinside.com\/de\/wp-content\/uploads\/2026\/02\/Kairo-rundreise-10.webp\",\"width\":512,\"height\":512,\"caption\":\"Kairo rundreise (10)\"},{\"@type\":\"BreadcrumbList\",\"@id\":\"https:\/\/egyptinside.com\/de\/about\/#breadcrumb\",\"itemListElement\":[{\"@type\":\"ListItem\",\"position\":1,\"name\":\"Home\",\"item\":\"https:\/\/egyptinside.com\/de\/\"},{\"@type\":\"ListItem\",\"position\":2,\"name\":\"About\"}]},{\"@type\":\"WebSite\",\"@id\":\"https:\/\/egyptinside.com\/de\/#website\",\"url\":\"https:\/\/egyptinside.com\/de\/\",\"name\":\"Egypt Inside\",\"description\":\"Egypt Tours\",\"potentialAction\":[{\"@type\":\"SearchAction\",\"target\":{\"@type\":\"EntryPoint\",\"urlTemplate\":\"https:\/\/egyptinside.com\/de\/?s={search_term_string}\"},\"query-input\":{\"@type\":\"PropertyValueSpecification\",\"valueRequired\":true,\"valueName\":\"search_term_string\"}}],\"inLanguage\":\"en-US\"}]}<\/script>\n<!-- \/ Yoast SEO Premium plugin. -->","yoast_head_json":{"title":"About - Egypt Inside","robots":{"index":"index","follow":"follow","max-snippet":"max-snippet:-1","max-image-preview":"max-image-preview:large","max-video-preview":"max-video-preview:-1"},"canonical":"https:\/\/egyptinside.com\/de\/about\/","og_locale":"en_US","og_type":"article","og_title":"About","og_description":"Bieten Sie Ihnen das beste Reiseerlebnis Wir wissen, dass jede Reise einzigartige Bed\u00fcrfnisse mit sich bringt. Deshalb bieten wir ma\u00dfgeschneiderte Reisepakete an, die ganz nach Ihren Vorlieben und Ihrem Budget zusammengestellt werden. Warum Sie sich f\u00fcr uns entscheiden sollten Ihr Tor zu unvergesslichen Erlebnissen und Erinnerungen Ihr ultimatives Tor zur Erkundung der Wunder \u00c4gyptens mit [&hellip;]","og_url":"https:\/\/egyptinside.com\/de\/about\/","og_site_name":"Egypt Inside","article_modified_time":"2026-03-11T13:53:17+00:00","og_image":[{"width":512,"height":512,"url":"https:\/\/egyptinside.com\/de\/wp-content\/uploads\/2026\/02\/Kairo-rundreise-10.webp","type":"image\/webp"}],"twitter_card":"summary_large_image","twitter_misc":{"Est. reading time":"2 minutes"},"schema":{"@context":"https:\/\/schema.org","@graph":[{"@type":"WebPage","@id":"https:\/\/egyptinside.com\/de\/about\/","url":"https:\/\/egyptinside.com\/de\/about\/","name":"About - Egypt Inside","isPartOf":{"@id":"https:\/\/egyptinside.com\/de\/#website"},"primaryImageOfPage":{"@id":"https:\/\/egyptinside.com\/de\/about\/#primaryimage"},"image":{"@id":"https:\/\/egyptinside.com\/de\/about\/#primaryimage"},"thumbnailUrl":"https:\/\/egyptinside.com\/de\/wp-content\/uploads\/2026\/02\/Kairo-rundreise-10.webp","datePublished":"2025-05-15T03:25:31+00:00","dateModified":"2026-03-11T13:53:17+00:00","breadcrumb":{"@id":"https:\/\/egyptinside.com\/de\/about\/#breadcrumb"},"inLanguage":"en-US","potentialAction":[{"@type":"ReadAction","target":["https:\/\/egyptinside.com\/de\/about\/"]}]},{"@type":"ImageObject","inLanguage":"en-US","@id":"https:\/\/egyptinside.com\/de\/about\/#primaryimage","url":"https:\/\/egyptinside.com\/de\/wp-content\/uploads\/2026\/02\/Kairo-rundreise-10.webp","contentUrl":"https:\/\/egyptinside.com\/de\/wp-content\/uploads\/2026\/02\/Kairo-rundreise-10.webp","width":512,"height":512,"caption":"Kairo rundreise (10)"},{"@type":"BreadcrumbList","@id":"https:\/\/egyptinside.com\/de\/about\/#breadcrumb","itemListElement":[{"@type":"ListItem","position":1,"name":"Home","item":"https:\/\/egyptinside.com\/de\/"},{"@type":"ListItem","position":2,"name":"About"}]},{"@type":"WebSite","@id":"https:\/\/egyptinside.com\/de\/#website","url":"https:\/\/egyptinside.com\/de\/","name":"Egypt Inside","description":"Egypt Tours","potentialAction":[{"@type":"SearchAction","target":{"@type":"EntryPoint","urlTemplate":"https:\/\/egyptinside.com\/de\/?s={search_term_string}"},"query-input":{"@type":"PropertyValueSpecification","valueRequired":true,"valueName":"search_term_string"}}],"inLanguage":"en-US"}]}},"_links":{"self":[{"href":"https:\/\/egyptinside.com\/de\/wp-json\/wp\/v2\/pages\/88","targetHints":{"allow":["GET"]}}],"collection":[{"href":"https:\/\/egyptinside.com\/de\/wp-json\/wp\/v2\/pages"}],"about":[{"href":"https:\/\/egyptinside.com\/de\/wp-json\/wp\/v2\/types\/page"}],"author":[{"embeddable":true,"href":"https:\/\/egyptinside.com\/de\/wp-json\/wp\/v2\/users\/1"}],"replies":[{"embeddable":true,"href":"https:\/\/egyptinside.com\/de\/wp-json\/wp\/v2\/comments?post=88"}],"version-history":[{"count":30,"href":"https:\/\/egyptinside.com\/de\/wp-json\/wp\/v2\/pages\/88\/revisions"}],"predecessor-version":[{"id":22156,"href":"https:\/\/egyptinside.com\/de\/wp-json\/wp\/v2\/pages\/88\/revisions\/22156"}],"wp:attachment":[{"href":"https:\/\/egyptinside.com\/de\/wp-json\/wp\/v2\/media?parent=88"}],"curies":[{"name":"wp","href":"https:\/\/api.w.org\/{rel}","templated":true}]}}